{"id":570,"date":"2026-03-02T08:02:18","date_gmt":"2026-03-02T08:02:18","guid":{"rendered":"https:\/\/dev.bartendermagasinet.dk\/?page_id=570"},"modified":"2026-03-02T08:04:00","modified_gmt":"2026-03-02T08:04:00","slug":"samarbejdspartnere","status":"publish","type":"page","link":"https:\/\/dev.bartendermagasinet.dk\/index.php\/om\/samarbejdspartnere\/","title":{"rendered":"Samarbejdspartnere"},"content":{"rendered":"\t\t<div data-elementor-type=\"wp-page\" data-elementor-id=\"570\" class=\"elementor elementor-570\">\n\t\t\t\t<div class=\"elementor-element elementor-element-fc29f50 e-flex e-con-boxed e-con e-parent\" data-id=\"fc29f50\" data-element_type=\"container\" data-e-type=\"container\" data-settings=\"{&quot;background_background&quot;:&quot;classic&quot;}\">\n\t\t\t\t\t<div class=\"e-con-inner\">\n\t\t\t\t<div class=\"elementor-element elementor-element-dae6071 elementor-widget elementor-widget-heading\" data-id=\"dae6071\" data-element_type=\"widget\" data-e-type=\"widget\" data-widget_type=\"heading.default\">\n\t\t\t\t\t<h2 class=\"elementor-heading-title elementor-size-default\">Samarbejdspartnere<\/h2>\t\t\t\t<\/div>\n\t\t\t\t\t<\/div>\n\t\t\t\t<\/div>\n\t\t<div class=\"elementor-element elementor-element-710b34d e-con-full e-flex e-con e-parent\" data-id=\"710b34d\" data-element_type=\"container\" data-e-type=\"container\">\n\t\t<div class=\"elementor-element elementor-element-7040396 e-con-full e-flex e-con e-child\" data-id=\"7040396\" data-element_type=\"container\" data-e-type=\"container\">\n\t\t<div class=\"elementor-element elementor-element-3ef99d2 e-con-full e-flex e-con e-child\" data-id=\"3ef99d2\" data-element_type=\"container\" data-e-type=\"container\">\n\t\t<div class=\"elementor-element elementor-element-f5c50ba e-con-full e-flex e-con e-child\" data-id=\"f5c50ba\" data-element_type=\"container\" data-e-type=\"container\">\n\t\t\t\t<div class=\"elementor-element elementor-element-cb84051 elementor-widget elementor-widget-text-editor\" data-id=\"cb84051\" data-element_type=\"widget\" data-e-type=\"widget\" data-widget_type=\"text-editor.default\">\n\t\t\t\t\t\t\t\t\t<p>Bartendermagasinet indg\u00e5r samarbejdsaftaler p\u00e5 en lang r\u00e6kke forskellige omr\u00e5der. Vi vurderer altid meget n\u00f8je efter bestemte kriterier, om en potentiel samarbejdspartner kan v\u00e6re med til at g\u00f8re siden endnu bedre for bes\u00f8gende.<\/p><p>Dette g\u00f8r ogs\u00e5 atBartendermagasinet har en politik om, at vi prim\u00e6rt laver samarbejdsaftaler inden for omr\u00e5der, der er til gavn for bes\u00f8gende. Af denne grund allierer vi os med samarbejdspartnere, der kan im\u00f8de<\/p><p>Velkommen til bartendermagasinet.dk, hvor vi tilbyder sp\u00e6ndende muligheder for at blive en v\u00e6rdsat samarbejdspartner p\u00e5 vores dynamiske platform. Hvis du er en virksomhed, der opererer inden for bartending, mixologi eller cocktailverdenen generelt, s\u00e5 er dette din chance for at n\u00e5 ud til en dedikeret m\u00e5lgruppe af bartendere og cocktailentusiaster og f\u00e5 adgang til unikke markedsf\u00f8ringsmuligheder.<\/p><p>Som samarbejdspartner p\u00e5 bartendermagasinet.dk f\u00e5r du muligheden for at blive en integreret del af vores f\u00e6llesskab og udnytte det fulde potentiale af din virksomhed. Uanset om du er en producent af spiritus, leverand\u00f8r af bartenderv\u00e6rkt\u00f8jer eller et cocktailbrand, kan vi hj\u00e6lpe dig med at f\u00e5 din virksomhed til at vokse og skabe forbindelse til den rigtige m\u00e5lgruppe.<\/p><p>En af fordelene ved at blive samarbejdspartner er eksponeringen for vores dedikerede m\u00e5lgruppe. Bartendermagasinet.dk tiltr\u00e6kker et bredt spektrum af bartendere, mixologer og cocktailentusiaster, der s\u00f8ger efter information, inspiration og innovative produkter inden for branchen. Ved at blive en samarbejdspartner f\u00e5r du synlighed og direkte adgang til denne m\u00e5lgruppe, hvilket kan hj\u00e6lpe med at \u00f8ge din brandbevidsthed og \u00f8ge salget af dine produkter eller tjenester.<\/p><p>Vi tilbyder ogs\u00e5 unikke markedsf\u00f8ringsmuligheder til vores samarbejdspartnere. Dette inkluderer muligheden for at pr\u00e6sentere dine produkter eller tjenester gennem sponsorerede artikler, produktanmeldelser eller reklamebannere p\u00e5 vores hjemmeside. Vores erfarne team af skribenter og eksperter kan hj\u00e6lpe med at skabe m\u00e5lrettet indhold, der engagerer vores l\u00e6sere og potentielle kunder og giver dig mulighed for at fremh\u00e6ve dine unikke egenskaber og fordele.<\/p><p>Derudover kan vi ogs\u00e5 tilbyde samarbejdspartnere muligheden for at deltage i vores arrangementer, messer og konkurrencer. Dette er en fantastisk mulighed for at f\u00e5 direkte kontakt med bartendere og cocktailentusiaster, pr\u00e6sentere dine produkter eller tjenester personligt og opbygge v\u00e6rdifulde forretningsforbindelser i branchen. Vores arrangementer er en platform, hvor du kan vise dine produkter, demonstrere dine f\u00e6rdigheder og skabe langvarige relationer med potentielle kunder og partnere.<\/p><p>Som en samarbejdspartner p\u00e5 bartendermagasinet.dk f\u00e5r du ogs\u00e5 mulighed for at blive en del af vores st\u00e6rke netv\u00e6rk inden for cocktailverdenen. Vi tror p\u00e5 styrken i at opbygge relationer og samarbejde med andre virksomheder og fagfolk inden for branchen. Gennem vores netv\u00e6rk kan du f\u00e5 adgang til eksklusive muligheder, udveksle ideer og erfaringer og f\u00e5 indsigt i de nyeste trends og udviklinger inden for bartending og mixologi.<\/p><p>Uanset om du er en etableret virksomhed eller en nystartet iv\u00e6rks\u00e6tter, er der plads til dig som samarbejdspartner p\u00e5 bartendermagasinet.dk. Vi \u00f8nsker at skabe et dynamisk og inkluderende f\u00e6llesskab, hvor alle kan bidrage med deres unikke ekspertise og perspektiver. Vi tror p\u00e5 gensidig st\u00f8tte og v\u00e6kst, og vores samarbejdspartnere er en afg\u00f8rende del af denne vision.<\/p><p>S\u00e5 hvis du \u00f8nsker at udnytte det fulde potentiale af din virksomhed inden for bartending og mixologi, er bartendermagasinet.dk det perfekte sted for dig at blive en v\u00e6rdsat samarbejdspartner. Bliv en del af vores f\u00e6llesskab, f\u00e5 adgang til vores dedikerede m\u00e5lgruppe, eksponer din virksomhed og drage fordel af unikke markedsf\u00f8ringsmuligheder og et st\u00e6rkt netv\u00e6rk. Kontakt os i dag for at f\u00e5 mere information og blive en del af vores voksende samarbejdspartnerfamilie.<\/p><h4>Samarbejdspartnere:<\/h4>\t\t\t\t\t\t\t\t<\/div>\n\t\t\t\t<\/div>\n\t\t\t\t<\/div>\n\t\t\t\t<\/div>\n\t\t\t\t<\/div>\n\t\t\t\t<\/div>\n\t\t","protected":false},"excerpt":{"rendered":"<p>Samarbejdspartnere Bartendermagasinet indg\u00e5r samarbejdsaftaler p\u00e5 en lang r\u00e6kke forskellige omr\u00e5der. Vi vurderer altid meget n\u00f8je efter bestemte kriterier, om en potentiel samarbejdspartner kan v\u00e6re med til at g\u00f8re siden endnu bedre for bes\u00f8gende. Dette g\u00f8r ogs\u00e5 atBartendermagasinet har en politik om, at vi prim\u00e6rt laver samarbejdsaftaler inden for omr\u00e5der, der er til gavn for bes\u00f8gende. [&hellip;]<\/p>\n","protected":false},"author":1,"featured_media":0,"parent":287,"menu_order":0,"comment_status":"closed","ping_status":"closed","template":"elementor_header_footer","meta":{"footnotes":""},"class_list":["post-570","page","type-page","status-publish","hentry"],"_links":{"self":[{"href":"https:\/\/dev.bartendermagasinet.dk\/index.php\/wp-json\/wp\/v2\/pages\/570","targetHints":{"allow":["GET"]}}],"collection":[{"href":"https:\/\/dev.bartendermagasinet.dk\/index.php\/wp-json\/wp\/v2\/pages"}],"about":[{"href":"https:\/\/dev.bartendermagasinet.dk\/index.php\/wp-json\/wp\/v2\/types\/page"}],"author":[{"embeddable":true,"href":"https:\/\/dev.bartendermagasinet.dk\/index.php\/wp-json\/wp\/v2\/users\/1"}],"replies":[{"embeddable":true,"href":"https:\/\/dev.bartendermagasinet.dk\/index.php\/wp-json\/wp\/v2\/comments?post=570"}],"version-history":[{"count":4,"href":"https:\/\/dev.bartendermagasinet.dk\/index.php\/wp-json\/wp\/v2\/pages\/570\/revisions"}],"predecessor-version":[{"id":575,"href":"https:\/\/dev.bartendermagasinet.dk\/index.php\/wp-json\/wp\/v2\/pages\/570\/revisions\/575"}],"up":[{"embeddable":true,"href":"https:\/\/dev.bartendermagasinet.dk\/index.php\/wp-json\/wp\/v2\/pages\/287"}],"wp:attachment":[{"href":"https:\/\/dev.bartendermagasinet.dk\/index.php\/wp-json\/wp\/v2\/media?parent=570"}],"curies":[{"name":"wp","href":"https:\/\/api.w.org\/{rel}","templated":true}]}}