{"id":565,"date":"2026-03-02T07:53:52","date_gmt":"2026-03-02T07:53:52","guid":{"rendered":"https:\/\/dev.bartendermagasinet.dk\/?page_id=565"},"modified":"2026-03-02T08:14:59","modified_gmt":"2026-03-02T08:14:59","slug":"privacy-policy","status":"publish","type":"page","link":"https:\/\/dev.bartendermagasinet.dk\/index.php\/om\/privacy-policy\/","title":{"rendered":"PRIVACY POLICY"},"content":{"rendered":"\t\t<div data-elementor-type=\"wp-page\" data-elementor-id=\"565\" class=\"elementor elementor-565\">\n\t\t\t\t<div class=\"elementor-element elementor-element-fc29f50 e-flex e-con-boxed e-con e-parent\" data-id=\"fc29f50\" data-element_type=\"container\" data-e-type=\"container\" data-settings=\"{&quot;background_background&quot;:&quot;classic&quot;}\">\n\t\t\t\t\t<div class=\"e-con-inner\">\n\t\t\t\t<div class=\"elementor-element elementor-element-dae6071 elementor-widget elementor-widget-heading\" data-id=\"dae6071\" data-element_type=\"widget\" data-e-type=\"widget\" data-widget_type=\"heading.default\">\n\t\t\t\t\t<h2 class=\"elementor-heading-title elementor-size-default\">PRIVACY POLICY<\/h2>\t\t\t\t<\/div>\n\t\t\t\t<div class=\"elementor-element elementor-element-1fb94e3 elementor-widget elementor-widget-heading\" data-id=\"1fb94e3\" data-element_type=\"widget\" data-e-type=\"widget\" data-widget_type=\"heading.default\">\n\t\t\t\t\t<h3 class=\"elementor-heading-title elementor-size-default\">PRIVACY POLICY \/ Fortrolighedspolitik <\/h3>\t\t\t\t<\/div>\n\t\t\t\t\t<\/div>\n\t\t\t\t<\/div>\n\t\t<div class=\"elementor-element elementor-element-710b34d e-con-full e-flex e-con e-parent\" data-id=\"710b34d\" data-element_type=\"container\" data-e-type=\"container\">\n\t\t<div class=\"elementor-element elementor-element-7040396 e-con-full e-flex e-con e-child\" data-id=\"7040396\" data-element_type=\"container\" data-e-type=\"container\">\n\t\t<div class=\"elementor-element elementor-element-3ef99d2 e-con-full e-flex e-con e-child\" data-id=\"3ef99d2\" data-element_type=\"container\" data-e-type=\"container\">\n\t\t<div class=\"elementor-element elementor-element-f5c50ba e-con-full e-flex e-con e-child\" data-id=\"f5c50ba\" data-element_type=\"container\" data-e-type=\"container\">\n\t\t\t\t<div class=\"elementor-element elementor-element-cb84051 elementor-widget elementor-widget-text-editor\" data-id=\"cb84051\" data-element_type=\"widget\" data-e-type=\"widget\" data-widget_type=\"text-editor.default\">\n\t\t\t\t\t\t\t\t\t<p><strong>Dataansvarlig:<\/strong><br \/>Bartendermagasinet.dk ejes og drives af: Mixology International \/ Make it Happen Aps<br \/>CVR: 45016714<br \/>Email:info (at) Bartender.dk<\/p><p>Cookies kan nemt deaktiveres i ens p\u00e5g\u00e6ldende browser, s\u00e5fremt denne service ikke \u00f8nskes.<\/p><p>Information p\u00e5 denne hjemmeside stilles til r\u00e5dighed uden nogen form for garanti. Informationer gengivet p\u00e5 denne hjemmeside er kun t\u00e6nkt som generel information.<br \/>Informationerne p\u00e5 hjemmesiden er fors\u00f8gt gengivet s\u00e5 pr\u00e6cist og opdateret som muligt, men Bartendermagasinet giver ingen garantier om n\u00f8jagtighed, r\u00e6kkef\u00f8lge, rettidighed eller fuldst\u00e6ndighed af hjemmesidens indhold og kan uden varsel standse offentligg\u00f8relsen af siden p\u00e5 nettet.<br \/>Bartendermagasinet fral\u00e6gger sig ethvert ansvar for hjemmesider, som denne side er forbundet til.<\/p><p>Enhver kommentar\/oplysning sendt til Bartendermagasinet om denne hjemmeside bliver Bartendermagasinet ejendom og kan benyttes uden begr\u00e6nsninger. Modtagne kommentarer vil ikke blive behandlet fortroligt, med mindre andet er angivet specifikt.<\/p><p>Bartendermagasinet er ikke ansvarlig for direkte, tilf\u00e6ldige, betydelige, indirekte eller forbundne skader opst\u00e5et ved adgang til eller ved brug af indhold fra denne hjemmeside inklusiv virus, uanset n\u00f8jagtigheden eller fuldst\u00e6ndigheden af et s\u00e5dant indhold.<\/p><p>Enhver tvist, der m\u00e5tte opst\u00e5 i forbindelse med n\u00e6rv\u00e6rende klausul og som ikke kan l\u00f8ses i mindelighed skal afg\u00f8res efter dansk ret.<\/p><p>Der foretages automatisk registrering af IP-adresser, og der kan benyttes cookies til at indsamle oplysninger af teknisk karakter samt til statistiske form\u00e5l for at m\u00e5le trafikken p\u00e5 sitet. Alle disse oplysninger er ikke-personrelaterede oplysninger, dvs. du vil ikke blive identificeret som individ. Oplysningerne indsamles af hensyn til systemadministrationen og fortsat optimering af hjemmesiden.<\/p><p>Personoplysninger, som indtastes p\u00e5 hjemmesiden eller i forbindelse med brugen af tilknyttede tjenesteydelser, eller som i \u00f8vrigt registreres i forbindelse hermed, behandles af Bartendermagasinet \u00a0og eventuelle eksterne samarbejdspartnere i overensstemmelse med g\u00e6ldende dansk ret.<\/p><p>Navn, adresse og e-mail vil normalt blive transmitteret ukrypteret, n\u00e5r du sender dem til os, med mindre andet er n\u00e6vnt.<\/p><p><strong>Cookie<\/strong><br \/>En cookie er en lille datafil websites gemmer p\u00e5 din computer, for at de kan genkende computeren n\u00e6ste gang du bes\u00f8ger websitet. En cookie er en passiv fil og det vil sige, at den ikke kan sprede computervirus eller andre skadelige programmer.<\/p><p>Bartendermagasinet.dk anvender cookies for at forbedre brugeroplevelsen. Indenfor cookie-verdenen skelnes der mellem Session Cookies og Persistent Cookies. Session Cookies bliver oprettet n\u00e5r du bes\u00f8ger vores hjemmeside, og bliver slettet igen, n\u00e5r du lukker din browser.<\/p><p>Nedenfor kan ses den kategoriinddeling som Bartendermagasinet.dk anvender indenfor cookies:<\/p><p><strong>Sessions cookies:<\/strong><br \/>Der s\u00e6ttes en r\u00e6kke cookies for at forbedre brugeroplevelsen p\u00e5 Bartendermagasinet hjemmeside, som anvendes til at forbedre navigationen og interaktionen p\u00e5 Bartendermagasinet.dk. Disse bruges til at sikre det bedst mulige flow.<\/p><p><strong>Permanent cookies:<\/strong><br \/>Bartendermagasinet anvender permanente cookies i forbindelse med valg af sprog p\u00e5 sitet. Dette sikrer, at browseren altid husker det valgte sprog n\u00e6ste gang, du bes\u00f8ger sitet.<\/p><p>Cookies kan nemt deaktiveres i ens p\u00e5g\u00e6ldende browser, s\u00e5fremt denne service ikke \u00f8nskes.<\/p>\t\t\t\t\t\t\t\t<\/div>\n\t\t\t\t<\/div>\n\t\t\t\t<\/div>\n\t\t\t\t<\/div>\n\t\t\t\t<\/div>\n\t\t\t\t<\/div>\n\t\t","protected":false},"excerpt":{"rendered":"<p>PRIVACY POLICY PRIVACY POLICY \/ Fortrolighedspolitik Dataansvarlig:Bartendermagasinet.dk ejes og drives af: Mixology International \/ Make it Happen ApsCVR: 45016714Email:info (at) Bartender.dk Cookies kan nemt deaktiveres i ens p\u00e5g\u00e6ldende browser, s\u00e5fremt denne service ikke \u00f8nskes. Information p\u00e5 denne hjemmeside stilles til r\u00e5dighed uden nogen form for garanti. Informationer gengivet p\u00e5 denne hjemmeside er kun t\u00e6nkt som [&hellip;]<\/p>\n","protected":false},"author":1,"featured_media":0,"parent":287,"menu_order":0,"comment_status":"closed","ping_status":"closed","template":"elementor_header_footer","meta":{"footnotes":""},"class_list":["post-565","page","type-page","status-publish","hentry"],"_links":{"self":[{"href":"https:\/\/dev.bartendermagasinet.dk\/index.php\/wp-json\/wp\/v2\/pages\/565","targetHints":{"allow":["GET"]}}],"collection":[{"href":"https:\/\/dev.bartendermagasinet.dk\/index.php\/wp-json\/wp\/v2\/pages"}],"about":[{"href":"https:\/\/dev.bartendermagasinet.dk\/index.php\/wp-json\/wp\/v2\/types\/page"}],"author":[{"embeddable":true,"href":"https:\/\/dev.bartendermagasinet.dk\/index.php\/wp-json\/wp\/v2\/users\/1"}],"replies":[{"embeddable":true,"href":"https:\/\/dev.bartendermagasinet.dk\/index.php\/wp-json\/wp\/v2\/comments?post=565"}],"version-history":[{"count":4,"href":"https:\/\/dev.bartendermagasinet.dk\/index.php\/wp-json\/wp\/v2\/pages\/565\/revisions"}],"predecessor-version":[{"id":569,"href":"https:\/\/dev.bartendermagasinet.dk\/index.php\/wp-json\/wp\/v2\/pages\/565\/revisions\/569"}],"up":[{"embeddable":true,"href":"https:\/\/dev.bartendermagasinet.dk\/index.php\/wp-json\/wp\/v2\/pages\/287"}],"wp:attachment":[{"href":"https:\/\/dev.bartendermagasinet.dk\/index.php\/wp-json\/wp\/v2\/media?parent=565"}],"curies":[{"name":"wp","href":"https:\/\/api.w.org\/{rel}","templated":true}]}}