{"id":554,"date":"2026-03-02T07:46:43","date_gmt":"2026-03-02T07:46:43","guid":{"rendered":"https:\/\/dev.bartendermagasinet.dk\/?page_id=554"},"modified":"2026-03-02T08:14:38","modified_gmt":"2026-03-02T08:14:38","slug":"mission-vision-og-vaerdier","status":"publish","type":"page","link":"https:\/\/dev.bartendermagasinet.dk\/index.php\/om\/mission-vision-og-vaerdier\/","title":{"rendered":"MISSION, VISION OG V\u00c6RDIER"},"content":{"rendered":"\t\t<div data-elementor-type=\"wp-page\" data-elementor-id=\"554\" class=\"elementor elementor-554\">\n\t\t\t\t<div class=\"elementor-element elementor-element-fc29f50 e-flex e-con-boxed e-con e-parent\" data-id=\"fc29f50\" data-element_type=\"container\" data-e-type=\"container\" data-settings=\"{&quot;background_background&quot;:&quot;classic&quot;}\">\n\t\t\t\t\t<div class=\"e-con-inner\">\n\t\t\t\t<div class=\"elementor-element elementor-element-dae6071 elementor-widget elementor-widget-heading\" data-id=\"dae6071\" data-element_type=\"widget\" data-e-type=\"widget\" data-widget_type=\"heading.default\">\n\t\t\t\t\t<h2 class=\"elementor-heading-title elementor-size-default\">Rettigheder og ophavsret<\/h2>\t\t\t\t<\/div>\n\t\t\t\t<div class=\"elementor-element elementor-element-1fb94e3 elementor-widget elementor-widget-heading\" data-id=\"1fb94e3\" data-element_type=\"widget\" data-e-type=\"widget\" data-widget_type=\"heading.default\">\n\t\t\t\t\t<h3 class=\"elementor-heading-title elementor-size-default\">Velkommen til Bartendermagasinet<\/h3>\t\t\t\t<\/div>\n\t\t\t\t\t<\/div>\n\t\t\t\t<\/div>\n\t\t<div class=\"elementor-element elementor-element-710b34d e-con-full e-flex e-con e-parent\" data-id=\"710b34d\" data-element_type=\"container\" data-e-type=\"container\">\n\t\t<div class=\"elementor-element elementor-element-7040396 e-con-full e-flex e-con e-child\" data-id=\"7040396\" data-element_type=\"container\" data-e-type=\"container\">\n\t\t<div class=\"elementor-element elementor-element-3ef99d2 e-con-full e-flex e-con e-child\" data-id=\"3ef99d2\" data-element_type=\"container\" data-e-type=\"container\">\n\t\t<div class=\"elementor-element elementor-element-f5c50ba e-con-full e-flex e-con e-child\" data-id=\"f5c50ba\" data-element_type=\"container\" data-e-type=\"container\">\n\t\t\t\t<div class=\"elementor-element elementor-element-4545ae6 elementor-widget elementor-widget-heading\" data-id=\"4545ae6\" data-element_type=\"widget\" data-e-type=\"widget\" data-widget_type=\"heading.default\">\n\t\t\t\t\t<h2 class=\"elementor-heading-title elementor-size-default\">Mission:<\/h2>\t\t\t\t<\/div>\n\t\t\t\t<div class=\"elementor-element elementor-element-cb84051 elementor-widget elementor-widget-text-editor\" data-id=\"cb84051\" data-element_type=\"widget\" data-e-type=\"widget\" data-widget_type=\"text-editor.default\">\n\t\t\t\t\t\t\t\t\t<p><em>Missionen er at skabe et interessant og informerende site om spiritus, sirupper, drinks, cocktails og alt hvad der tilh\u00f8rer. Der l\u00e6gges v\u00e6gt p\u00e5 kvalitative drinksopskrifter, guides og relevante nyheder til gl\u00e6de for den danske drinkskultur.<\/em><\/p><p>Dine \u00f8nsker og krav som l\u00e6ser er vigtige for os, og vi ved, at n\u00e5r du bes\u00f8ger vores side, forventer du en side der g\u00e5r efter kvalitet frem for kvantitet. N\u00e5r du bes\u00f8ger eller arbejder med Bartendermagasinet.dk, g\u00e5r vi efter at give dig en f\u00f8lelse af sikkerhed og tryghed, fordi du trygt kan stole p\u00e5 vores h\u00f8je kvalitetsstandard.<\/p><p>Har du \u00f8nsker og krav kan du kontakte bartendermagasinet.<\/p>\t\t\t\t\t\t\t\t<\/div>\n\t\t\t\t<div class=\"elementor-element elementor-element-79d827f elementor-widget elementor-widget-heading\" data-id=\"79d827f\" data-element_type=\"widget\" data-e-type=\"widget\" data-widget_type=\"heading.default\">\n\t\t\t\t\t<h2 class=\"elementor-heading-title elementor-size-default\">Vision:<\/h2>\t\t\t\t<\/div>\n\t\t\t\t<div class=\"elementor-element elementor-element-d820bfa elementor-widget elementor-widget-text-editor\" data-id=\"d820bfa\" data-element_type=\"widget\" data-e-type=\"widget\" data-widget_type=\"text-editor.default\">\n\t\t\t\t\t\t\t\t\t<p><em>\u201cVores vision er at v\u00e6re den f\u00f8rende Drinks-site i Danmark og gennem betydelig v\u00e6rdiskabelse og aktiv kvalitetsbevidsthed at kunne levere vores l\u00e6sere den bedst mulige service og komfort\u201d<\/em><\/p><p>Bartendermagasinet.dk bliver drevet af bartendere med flere \u00e5rs erfaring inden for branchen. M\u00e5let for vores virksomhed er at kunne levere artikler, nyheder mm. af den h\u00f8jest mulige kvalitet for vores l\u00e6sere. For at kunne opfylde dette m\u00e5l, skal vi arbejde for at skabe en l\u00e6kker og aktiv site, som kan v\u00e6re med til at forme den danske barbranche.<\/p><p>Vi \u00f8nsker at v\u00e6re den mest attraktive Drinkssite, b\u00e5de for vores l\u00e6sere, medarbejdere, bloggere, kunder og leverand\u00f8rer.<\/p>\t\t\t\t\t\t\t\t<\/div>\n\t\t\t\t<div class=\"elementor-element elementor-element-17e2c1b elementor-widget elementor-widget-heading\" data-id=\"17e2c1b\" data-element_type=\"widget\" data-e-type=\"widget\" data-widget_type=\"heading.default\">\n\t\t\t\t\t<h2 class=\"elementor-heading-title elementor-size-default\">V\u00e6rdier:<\/h2>\t\t\t\t<\/div>\n\t\t\t\t<div class=\"elementor-element elementor-element-9a8b623 elementor-widget elementor-widget-text-editor\" data-id=\"9a8b623\" data-element_type=\"widget\" data-e-type=\"widget\" data-widget_type=\"text-editor.default\">\n\t\t\t\t\t\t\t\t\t<p>Hos Bartendermagasinet bygger vores v\u00e6rdier p\u00e5 en ambition om at skabe et enest\u00e5ende produkt. Vi str\u00e6ber efter at blive en ledende kraft inden for dansk bartending. Vi har fornemmelse for den verden omkring os og str\u00e6ber efter at hj\u00e6lpe til at forme den til des ypperste. En central del af vores v\u00e6rdis\u00e6t er vores karakter: Lead \u2013 Sense \u2013 Create.<\/p><p>Lead \u2013 Sense \u2013 Create er de begreber, som\u00a0vi arbejde efter og derfor\u00a0er\u00a0de ogs\u00e5 indarbejdet i denne form i vores daglige drift med Bartendermagasinet. Med en f\u00e6lles f\u00f8ling\u00a0for hvordan verdenen h\u00e6nger sammen, kan vi opn\u00e5 vores f\u00e6lles m\u00e5l, som ligger i \u00a0vores mission, vision og strategi. Jo st\u00e6rkere vi st\u00e5r sammen, jo bedre kan vi blive til at levere de mest optimale resultater og et bedre produkt til vores l\u00e6sere,\u00a0<a href=\"https:\/\/bartendermagasinet.dk\/about\/samarbejdspartnere\/\">samarbejdspartnere<\/a>\u00a0og leverand\u00f8rer. For at opn\u00e5 disse resultater str\u00e6ber vi hele tiden efter det h\u00f8jest mulige potentiale, vi kan opn\u00e5.<\/p><p><strong>LEAD<\/strong>\u00a0handler om at tage f\u00f8ringen \u2013 at indtage f\u00f8rers\u00e6det i alle vores handlinger. Det handler om at br\u00e6nde og have en passion for det vi g\u00f8r, at g\u00e5 efter f\u00f8rertr\u00f8jen s\u00e5 vi er blandt dem, som f\u00f8rer frem og guider og leder den kommende generation af bartender, kokke mm. \u00a0At se det st\u00f8rst mulige potentiale blandt vores bloggere, samarbejdspartnere og vores leverand\u00f8rer.<\/p><p><strong>SENSE<\/strong>\u00a0handler om at have f\u00f8ling med ens bloggere, l\u00e6sere, forbrugere og den verden omkring os. Det handler om at have et \u00e5bent sind og udvise integritet, at kunne se de muligheder der er omkring os, de muligheder som andre m\u00e5ske ikke ville se, se potentiale hos bloggerne, forretningen og vores samarbejde p\u00e5 tv\u00e6rs af branchen.<\/p><p><strong>CREATE<\/strong>\u00a0handler om at v\u00e6re med til at udvikle og v\u00e6re nyskabende inden for branchen, v\u00e6re med til at opbygge produkter, kvalifikationer, viden og markedsrelationer. Det handler om at skabe og udvikle det st\u00f8rst mulige potentiale p\u00e5 vores sites, blandt vores bloggere,\u00a0forretningen og vores samarbejde p\u00e5 tv\u00e6rs af branchen<\/p>\t\t\t\t\t\t\t\t<\/div>\n\t\t\t\t<\/div>\n\t\t\t\t<\/div>\n\t\t\t\t<\/div>\n\t\t\t\t<\/div>\n\t\t\t\t<\/div>\n\t\t","protected":false},"excerpt":{"rendered":"<p>Rettigheder og ophavsret Velkommen til Bartendermagasinet Mission: Missionen er at skabe et interessant og informerende site om spiritus, sirupper, drinks, cocktails og alt hvad der tilh\u00f8rer. Der l\u00e6gges v\u00e6gt p\u00e5 kvalitative drinksopskrifter, guides og relevante nyheder til gl\u00e6de for den danske drinkskultur. Dine \u00f8nsker og krav som l\u00e6ser er vigtige for os, og vi ved, [&hellip;]<\/p>\n","protected":false},"author":1,"featured_media":0,"parent":287,"menu_order":0,"comment_status":"closed","ping_status":"closed","template":"elementor_header_footer","meta":{"footnotes":""},"class_list":["post-554","page","type-page","status-publish","hentry"],"_links":{"self":[{"href":"https:\/\/dev.bartendermagasinet.dk\/index.php\/wp-json\/wp\/v2\/pages\/554","targetHints":{"allow":["GET"]}}],"collection":[{"href":"https:\/\/dev.bartendermagasinet.dk\/index.php\/wp-json\/wp\/v2\/pages"}],"about":[{"href":"https:\/\/dev.bartendermagasinet.dk\/index.php\/wp-json\/wp\/v2\/types\/page"}],"author":[{"embeddable":true,"href":"https:\/\/dev.bartendermagasinet.dk\/index.php\/wp-json\/wp\/v2\/users\/1"}],"replies":[{"embeddable":true,"href":"https:\/\/dev.bartendermagasinet.dk\/index.php\/wp-json\/wp\/v2\/comments?post=554"}],"version-history":[{"count":10,"href":"https:\/\/dev.bartendermagasinet.dk\/index.php\/wp-json\/wp\/v2\/pages\/554\/revisions"}],"predecessor-version":[{"id":564,"href":"https:\/\/dev.bartendermagasinet.dk\/index.php\/wp-json\/wp\/v2\/pages\/554\/revisions\/564"}],"up":[{"embeddable":true,"href":"https:\/\/dev.bartendermagasinet.dk\/index.php\/wp-json\/wp\/v2\/pages\/287"}],"wp:attachment":[{"href":"https:\/\/dev.bartendermagasinet.dk\/index.php\/wp-json\/wp\/v2\/media?parent=554"}],"curies":[{"name":"wp","href":"https:\/\/api.w.org\/{rel}","templated":true}]}}