{"id":287,"date":"2026-02-25T07:06:20","date_gmt":"2026-02-25T07:06:20","guid":{"rendered":"https:\/\/dev.bartendermagasinet.dk\/?page_id=287"},"modified":"2026-03-02T08:02:25","modified_gmt":"2026-03-02T08:02:25","slug":"om","status":"publish","type":"page","link":"https:\/\/dev.bartendermagasinet.dk\/index.php\/om\/","title":{"rendered":"Om"},"content":{"rendered":"\t\t<div data-elementor-type=\"wp-page\" data-elementor-id=\"287\" class=\"elementor elementor-287\">\n\t\t\t\t<div class=\"elementor-element elementor-element-10d7ee6 e-flex e-con-boxed e-con e-parent\" data-id=\"10d7ee6\" data-element_type=\"container\" data-e-type=\"container\" data-settings=\"{&quot;background_background&quot;:&quot;classic&quot;}\">\n\t\t\t\t\t<div class=\"e-con-inner\">\n\t\t\t\t<div class=\"elementor-element elementor-element-f1652dd elementor-widget elementor-widget-heading\" data-id=\"f1652dd\" data-element_type=\"widget\" data-e-type=\"widget\" data-widget_type=\"heading.default\">\n\t\t\t\t\t<h2 class=\"elementor-heading-title elementor-size-default\">About<\/h2>\t\t\t\t<\/div>\n\t\t\t\t\t<\/div>\n\t\t\t\t<\/div>\n\t\t<div class=\"elementor-element elementor-element-1b9a0f0 e-con-full e-flex e-con e-parent\" data-id=\"1b9a0f0\" data-element_type=\"container\" data-e-type=\"container\">\n\t\t<div class=\"elementor-element elementor-element-6f4c908 e-con-full e-flex e-con e-child\" data-id=\"6f4c908\" data-element_type=\"container\" data-e-type=\"container\">\n\t\t<div class=\"elementor-element elementor-element-6eff84e e-con-full e-flex e-con e-child\" data-id=\"6eff84e\" data-element_type=\"container\" data-e-type=\"container\">\n\t\t\t\t<div class=\"elementor-element elementor-element-9e66e13 elementor-widget elementor-widget-image\" data-id=\"9e66e13\" data-element_type=\"widget\" data-e-type=\"widget\" data-widget_type=\"image.default\">\n\t\t\t\t\t\t\t\t\t\t\t\t\t\t\t<img fetchpriority=\"high\" decoding=\"async\" width=\"731\" height=\"1024\" src=\"https:\/\/dev.bartendermagasinet.dk\/wp-content\/uploads\/2026\/02\/f518122d102833eb9facb10da761eece09499299-731x1024.jpg\" class=\"attachment-large size-large wp-image-295\" alt=\"\" srcset=\"https:\/\/dev.bartendermagasinet.dk\/wp-content\/uploads\/2026\/02\/f518122d102833eb9facb10da761eece09499299-731x1024.jpg 731w, https:\/\/dev.bartendermagasinet.dk\/wp-content\/uploads\/2026\/02\/f518122d102833eb9facb10da761eece09499299-214x300.jpg 214w, https:\/\/dev.bartendermagasinet.dk\/wp-content\/uploads\/2026\/02\/f518122d102833eb9facb10da761eece09499299-768x1076.jpg 768w, https:\/\/dev.bartendermagasinet.dk\/wp-content\/uploads\/2026\/02\/f518122d102833eb9facb10da761eece09499299.jpg 1080w\" sizes=\"(max-width: 731px) 100vw, 731px\" \/>\t\t\t\t\t\t\t\t\t\t\t\t\t\t\t<\/div>\n\t\t\t\t<\/div>\n\t\t<div class=\"elementor-element elementor-element-56896d4 e-con-full e-flex e-con e-child\" data-id=\"56896d4\" data-element_type=\"container\" data-e-type=\"container\">\n\t\t<div class=\"elementor-element elementor-element-9a4144a e-con-full e-flex e-con e-child\" data-id=\"9a4144a\" data-element_type=\"container\" data-e-type=\"container\">\n\t\t\t\t<div class=\"elementor-element elementor-element-0b49918 elementor-widget elementor-widget-heading\" data-id=\"0b49918\" data-element_type=\"widget\" data-e-type=\"widget\" data-widget_type=\"heading.default\">\n\t\t\t\t\t<h2 class=\"elementor-heading-title elementor-size-default\">Om Bartendermagasinet<\/h2>\t\t\t\t<\/div>\n\t\t\t\t<div class=\"elementor-element elementor-element-8ff7b63 elementor-widget elementor-widget-text-editor\" data-id=\"8ff7b63\" data-element_type=\"widget\" data-e-type=\"widget\" data-widget_type=\"text-editor.default\">\n\t\t\t\t\t\t\t\t\t<p data-start=\"241\" data-end=\"564\">Bartendermagasinet er et af Danmarks st\u00f8rste og mest dedikerede medier for bartendere, cocktailinteresserede og fagfolk i bar- og spiritusbranchen. Magasinet bliver drevet af professionelle bartendere og skribenter, der selv arbejder i milj\u00f8et og derfor har fingeren direkte p\u00e5 pulsen i b\u00e5de danske og internationale barer.<\/p><p data-start=\"566\" data-end=\"842\">Platformen ejes af\u00a0<strong data-start=\"585\" data-end=\"628\"><span style=\"color: #000000;\"><a style=\"color: #000000;\" href=\"https:\/\/mixology.nu\/\" target=\"_blank\" rel=\"noopener\">Mixology International<\/a>\u00a0<\/span>\/ Make it Happen<\/strong>, men indholdet produceres uafh\u00e6ngigt af bartendere, branchefolk og fageksperter. Alle artikler, nyheder, guides og opskrifter er baseret p\u00e5 reel erfaring fra bag baren \u2014 og skrevet \u201caf bartendere, til bartendere\u201d.<\/p><p data-start=\"844\" data-end=\"898\"><strong data-start=\"847\" data-end=\"898\">Et magasin skabt af bartendere \u2013 til bartendere<br \/><\/strong>P\u00e5 Bartendermagasinet finder du nyheder, faglige indl\u00e6g, interviews, opskrifter, trends og praktiske guides, der alle udspringer af den virkelighed, bartendere arbejder i.<\/p><p data-start=\"899\" data-end=\"1219\">N\u00e5r indholdet kommer fra folk, der selv st\u00e5r bag baren, sikrer det et autentisk perspektiv og en faglig relevans, der ikke kan opn\u00e5s andre steder.<\/p><p data-start=\"1221\" data-end=\"1373\">Vi arbejder for at v\u00e6re et samlingspunkt for b\u00e5de nye og erfarne bartendere \u2014 og for alle, der deler passionen for cocktails, kvalitet og godt h\u00e5ndv\u00e6rk.<\/p>\t\t\t\t\t\t\t\t<\/div>\n\t\t\t\t<\/div>\n\t\t\t\t<\/div>\n\t\t\t\t<\/div>\n\t\t\t\t<\/div>\n\t\t<div class=\"elementor-element elementor-element-1138792 e-con-full e-flex e-con e-parent\" data-id=\"1138792\" data-element_type=\"container\" data-e-type=\"container\">\n\t\t<div class=\"elementor-element elementor-element-0a0d280 e-con-full e-flex e-con e-child\" data-id=\"0a0d280\" data-element_type=\"container\" data-e-type=\"container\">\n\t\t<div class=\"elementor-element elementor-element-7991e8d e-con-full e-flex e-con e-child\" data-id=\"7991e8d\" data-element_type=\"container\" data-e-type=\"container\">\n\t\t\t\t<div class=\"elementor-element elementor-element-8e2f80f elementor-widget elementor-widget-counter\" data-id=\"8e2f80f\" data-element_type=\"widget\" data-e-type=\"widget\" data-widget_type=\"counter.default\">\n\t\t\t\t\t\t\t<div class=\"elementor-counter\">\n\t\t\t<div class=\"elementor-counter-title\">Active Readers<\/div>\t\t\t<div class=\"elementor-counter-number-wrapper\">\n\t\t\t\t<span class=\"elementor-counter-number-prefix\"><\/span>\n\t\t\t\t<span class=\"elementor-counter-number\" data-duration=\"2000\" data-to-value=\"50\" data-from-value=\"0\" data-delimiter=\",\">0<\/span>\n\t\t\t\t<span class=\"elementor-counter-number-suffix\">k+<\/span>\n\t\t\t<\/div>\n\t\t<\/div>\n\t\t\t\t\t\t<\/div>\n\t\t\t\t<\/div>\n\t\t<div class=\"elementor-element elementor-element-4a4bd6a e-con-full e-flex e-con e-child\" data-id=\"4a4bd6a\" data-element_type=\"container\" data-e-type=\"container\">\n\t\t\t\t<div class=\"elementor-element elementor-element-e3d657e elementor-widget elementor-widget-counter\" data-id=\"e3d657e\" data-element_type=\"widget\" data-e-type=\"widget\" data-widget_type=\"counter.default\">\n\t\t\t\t\t\t\t<div class=\"elementor-counter\">\n\t\t\t<div class=\"elementor-counter-title\">Articles Published<\/div>\t\t\t<div class=\"elementor-counter-number-wrapper\">\n\t\t\t\t<span class=\"elementor-counter-number-prefix\"><\/span>\n\t\t\t\t<span class=\"elementor-counter-number\" data-duration=\"2000\" data-to-value=\"2500\" data-from-value=\"0\" data-delimiter=\",\">0<\/span>\n\t\t\t\t<span class=\"elementor-counter-number-suffix\">+<\/span>\n\t\t\t<\/div>\n\t\t<\/div>\n\t\t\t\t\t\t<\/div>\n\t\t\t\t<\/div>\n\t\t<div class=\"elementor-element elementor-element-4ce2628 e-con-full e-flex e-con e-child\" data-id=\"4ce2628\" data-element_type=\"container\" data-e-type=\"container\">\n\t\t\t\t<div class=\"elementor-element elementor-element-1c96334 elementor-widget elementor-widget-counter\" data-id=\"1c96334\" data-element_type=\"widget\" data-e-type=\"widget\" data-widget_type=\"counter.default\">\n\t\t\t\t\t\t\t<div class=\"elementor-counter\">\n\t\t\t<div class=\"elementor-counter-title\">Countries Reached<\/div>\t\t\t<div class=\"elementor-counter-number-wrapper\">\n\t\t\t\t<span class=\"elementor-counter-number-prefix\"><\/span>\n\t\t\t\t<span class=\"elementor-counter-number\" data-duration=\"2000\" data-to-value=\"45\" data-from-value=\"0\" data-delimiter=\",\">0<\/span>\n\t\t\t\t<span class=\"elementor-counter-number-suffix\">+<\/span>\n\t\t\t<\/div>\n\t\t<\/div>\n\t\t\t\t\t\t<\/div>\n\t\t\t\t<\/div>\n\t\t<div class=\"elementor-element elementor-element-41ccacf e-con-full e-flex e-con e-child\" data-id=\"41ccacf\" data-element_type=\"container\" data-e-type=\"container\">\n\t\t\t\t<div class=\"elementor-element elementor-element-ece8f90 elementor-widget elementor-widget-counter\" data-id=\"ece8f90\" data-element_type=\"widget\" data-e-type=\"widget\" data-widget_type=\"counter.default\">\n\t\t\t\t\t\t\t<div class=\"elementor-counter\">\n\t\t\t<div class=\"elementor-counter-title\">Industry Partners<\/div>\t\t\t<div class=\"elementor-counter-number-wrapper\">\n\t\t\t\t<span class=\"elementor-counter-number-prefix\"><\/span>\n\t\t\t\t<span class=\"elementor-counter-number\" data-duration=\"2000\" data-to-value=\"120\" data-from-value=\"0\" data-delimiter=\",\">0<\/span>\n\t\t\t\t<span class=\"elementor-counter-number-suffix\">+<\/span>\n\t\t\t<\/div>\n\t\t<\/div>\n\t\t\t\t\t\t<\/div>\n\t\t\t\t<\/div>\n\t\t\t\t<\/div>\n\t\t\t\t<\/div>\n\t\t<div class=\"elementor-element elementor-element-5917fef e-con-full e-flex e-con e-parent\" data-id=\"5917fef\" data-element_type=\"container\" data-e-type=\"container\">\n\t\t<div class=\"elementor-element elementor-element-323737e e-con-full e-flex e-con e-child\" data-id=\"323737e\" data-element_type=\"container\" data-e-type=\"container\">\n\t\t<div class=\"elementor-element elementor-element-9400ce1 e-con-full e-flex e-con e-child\" data-id=\"9400ce1\" data-element_type=\"container\" data-e-type=\"container\">\n\t\t<div class=\"elementor-element elementor-element-0b94b95 e-con-full e-flex e-con e-child\" data-id=\"0b94b95\" data-element_type=\"container\" data-e-type=\"container\">\n\t\t\t\t<div class=\"elementor-element elementor-element-24e4c77 elementor-widget elementor-widget-text-editor\" data-id=\"24e4c77\" data-element_type=\"widget\" data-e-type=\"widget\" data-widget_type=\"text-editor.default\">\n\t\t\t\t\t\t\t\t\t<p data-start=\"1375\" data-end=\"1428\"><strong data-start=\"1378\" data-end=\"1428\">For leverand\u00f8rer, brands og samarbejdspartnere<br \/><\/strong>Vi samarbejder l\u00f8bende med producenter, import\u00f8rer, distribut\u00f8rer, events, skoler og brancheakt\u00f8rer.<\/p><p data-start=\"1429\" data-end=\"1708\">Hvis du \u00f8nsker at annoncere, promovere eller pr\u00e6sentere et produkt eller koncept, er du velkommen til at kontakte os.<br data-start=\"1649\" data-end=\"1652\" \/>Udfyld kontaktformularen \u2014 s\u00e5 vender vi hurtigt tilbage.<\/p><p data-start=\"1715\" data-end=\"1760\"><strong data-start=\"1718\" data-end=\"1760\">En del af et st\u00f8rre bartending-univers<br \/><\/strong>Bartendermagasinet er en del af et bredere \u00f8kosystem af fagplatforme drevet af\u00a0<strong data-start=\"1840\" data-end=\"1883\">Mixology International \/ Make it Happen<\/strong>, herunder:<\/p><ul data-start=\"1896\" data-end=\"2038\"><li data-start=\"1896\" data-end=\"1955\"><p data-start=\"1898\" data-end=\"1955\"><strong data-start=\"1898\" data-end=\"1914\">Bartender.dk<\/strong>\u00a0\u2013 Danmarks st\u00f8rste bartender-community<\/p><\/li><li data-start=\"1956\" data-end=\"2038\"><p data-start=\"1958\" data-end=\"2038\"><strong data-start=\"1958\" data-end=\"1980\">Drinksdatabasen.dk<\/strong>\u00a0\u2013 database med cocktails, opskrifter og fagligt indhold<\/p><\/li><\/ul><p data-start=\"2040\" data-end=\"2207\">Dette styrker vores mulighed for at dele viden, trends og inspiration p\u00e5 tv\u00e6rs af kanaler \u2014 og skabe et samlet univers for bartendere og cocktailentusiaster i Danmark.<\/p>\t\t\t\t\t\t\t\t<\/div>\n\t\t\t\t<div class=\"elementor-element elementor-element-0c0004d elementor-widget elementor-widget-button\" data-id=\"0c0004d\" data-element_type=\"widget\" data-e-type=\"widget\" data-widget_type=\"button.default\">\n\t\t\t\t\t\t\t\t\t\t<a class=\"elementor-button elementor-button-link elementor-size-sm\" href=\"#\">\n\t\t\t\t\t\t<span class=\"elementor-button-content-wrapper\">\n\t\t\t\t\t\t\t\t\t<span class=\"elementor-button-text\">Kontakt formular <\/span>\n\t\t\t\t\t<\/span>\n\t\t\t\t\t<\/a>\n\t\t\t\t\t\t\t\t<\/div>\n\t\t\t\t<div class=\"elementor-element elementor-element-b575cd1 elementor-widget__width-initial elementor-widget-mobile__width-inherit elementor-hidden-desktop elementor-hidden-tablet elementor-hidden-mobile elementor-widget elementor-widget-elementskit-accordion\" data-id=\"b575cd1\" data-element_type=\"widget\" data-e-type=\"widget\" data-widget_type=\"elementskit-accordion.default\">\n\t\t\t\t\t<div class=\"ekit-wid-con\" >\n        <div class=\"elementskit-accordion accoedion-primary\" id=\"accordion-69d75ba507886\">\n\n            \n                <div class=\"elementskit-card active\">\n                    <div class=\"elementskit-card-header\" id=\"primaryHeading-0-b575cd1\">\n                        <a href=\"#collapse-fefa17069d75ba507886\" class=\"ekit-accordion--toggler elementskit-btn-link collapsed\" data-ekit-toggle=\"collapse\" data-target=\"#Collapse-fefa17069d75ba507886\" aria-expanded=\"true\" aria-controls=\"Collapse-fefa17069d75ba507886\">\n                            \n                            <span class=\"ekit-accordion-title\">Excellence in Content<\/span>\n\n                            \n                                <div class=\"ekit_accordion_icon_group\">\n                                    <div class=\"ekit_accordion_normal_icon\">\n                                        <!-- Normal Icon -->\n\t\t\t\t\t\t\t\t\t\t<i class=\"icon icon-down-arrow1\"><\/i>                                    <\/div>\n\n                                    <div class=\"ekit_accordion_active_icon\">\n                                        <!-- Active Icon -->\n\t\t\t\t\t\t\t\t\t\t<i class=\"icon icon-up-arrow1\"><\/i>                                    <\/div>\n                                <\/div>\n\n                            \n                                                    <\/a>\n                    <\/div>\n\n                    <div id=\"Collapse-fefa17069d75ba507886\" class=\" show collapse\" aria-labelledby=\"primaryHeading-0-b575cd1\" data-parent=\"#accordion-69d75ba507886\">\n\n                        <div class=\"elementskit-card-body ekit-accordion--content\">\n                            <p>We deliver high-quality, well-researched articles that bartenders can trust and rely on for their professional development.<\/p>                        <\/div>\n\n                    <\/div>\n\n                <\/div><!-- .elementskit-card END -->\n\n                \n                <div class=\"elementskit-card \">\n                    <div class=\"elementskit-card-header\" id=\"primaryHeading-1-b575cd1\">\n                        <a href=\"#collapse-ad2393c69d75ba507886\" class=\"ekit-accordion--toggler elementskit-btn-link collapsed\" data-ekit-toggle=\"collapse\" data-target=\"#Collapse-ad2393c69d75ba507886\" aria-expanded=\"false\" aria-controls=\"Collapse-ad2393c69d75ba507886\">\n                            \n                            <span class=\"ekit-accordion-title\">Community First<\/span>\n\n                            \n                                <div class=\"ekit_accordion_icon_group\">\n                                    <div class=\"ekit_accordion_normal_icon\">\n                                        <!-- Normal Icon -->\n\t\t\t\t\t\t\t\t\t\t<i class=\"icon icon-down-arrow1\"><\/i>                                    <\/div>\n\n                                    <div class=\"ekit_accordion_active_icon\">\n                                        <!-- Active Icon -->\n\t\t\t\t\t\t\t\t\t\t<i class=\"icon icon-up-arrow1\"><\/i>                                    <\/div>\n                                <\/div>\n\n                            \n                                                    <\/a>\n                    <\/div>\n\n                    <div id=\"Collapse-ad2393c69d75ba507886\" class=\" collapse\" aria-labelledby=\"primaryHeading-1-b575cd1\" data-parent=\"#accordion-69d75ba507886\">\n\n                        <div class=\"elementskit-card-body ekit-accordion--content\">\n                            <p>We deliver high-quality, well-researched articles that bartenders can trust and rely on for their professional development.<\/p>                        <\/div>\n\n                    <\/div>\n\n                <\/div><!-- .elementskit-card END -->\n\n                \n                <div class=\"elementskit-card \">\n                    <div class=\"elementskit-card-header\" id=\"primaryHeading-2-b575cd1\">\n                        <a href=\"#collapse-9ab78a469d75ba507886\" class=\"ekit-accordion--toggler elementskit-btn-link collapsed\" data-ekit-toggle=\"collapse\" data-target=\"#Collapse-9ab78a469d75ba507886\" aria-expanded=\"false\" aria-controls=\"Collapse-9ab78a469d75ba507886\">\n                            \n                            <span class=\"ekit-accordion-title\">Industry Expertise<\/span>\n\n                            \n                                <div class=\"ekit_accordion_icon_group\">\n                                    <div class=\"ekit_accordion_normal_icon\">\n                                        <!-- Normal Icon -->\n\t\t\t\t\t\t\t\t\t\t<i class=\"icon icon-down-arrow1\"><\/i>                                    <\/div>\n\n                                    <div class=\"ekit_accordion_active_icon\">\n                                        <!-- Active Icon -->\n\t\t\t\t\t\t\t\t\t\t<i class=\"icon icon-up-arrow1\"><\/i>                                    <\/div>\n                                <\/div>\n\n                            \n                                                    <\/a>\n                    <\/div>\n\n                    <div id=\"Collapse-9ab78a469d75ba507886\" class=\" collapse\" aria-labelledby=\"primaryHeading-2-b575cd1\" data-parent=\"#accordion-69d75ba507886\">\n\n                        <div class=\"elementskit-card-body ekit-accordion--content\">\n                            <p>We deliver high-quality, well-researched articles that bartenders can trust and rely on for their professional development.<\/p>                        <\/div>\n\n                    <\/div>\n\n                <\/div><!-- .elementskit-card END -->\n\n                                        <\/div>\n    <\/div>\t\t\t\t<\/div>\n\t\t\t\t<\/div>\n\t\t\t\t<\/div>\n\t\t<div class=\"elementor-element elementor-element-afca038 e-con-full e-flex e-con e-child\" data-id=\"afca038\" data-element_type=\"container\" data-e-type=\"container\">\n\t\t\t\t<div class=\"elementor-element elementor-element-31eba35 elementor-widget elementor-widget-image\" data-id=\"31eba35\" data-element_type=\"widget\" data-e-type=\"widget\" data-widget_type=\"image.default\">\n\t\t\t\t\t\t\t\t\t\t\t\t\t\t\t<img decoding=\"async\" width=\"512\" height=\"800\" src=\"https:\/\/dev.bartendermagasinet.dk\/wp-content\/uploads\/2026\/02\/0f45e4d3bb23bffcf38c54126cbe5c74fb834814.png\" class=\"attachment-large size-large wp-image-298\" alt=\"\" srcset=\"https:\/\/dev.bartendermagasinet.dk\/wp-content\/uploads\/2026\/02\/0f45e4d3bb23bffcf38c54126cbe5c74fb834814.png 512w, https:\/\/dev.bartendermagasinet.dk\/wp-content\/uploads\/2026\/02\/0f45e4d3bb23bffcf38c54126cbe5c74fb834814-192x300.png 192w\" sizes=\"(max-width: 512px) 100vw, 512px\" \/>\t\t\t\t\t\t\t\t\t\t\t\t\t\t\t<\/div>\n\t\t\t\t<\/div>\n\t\t\t\t<\/div>\n\t\t\t\t<\/div>\n\t\t<div class=\"elementor-element elementor-element-1877aa6 e-con-full e-flex e-con e-parent\" data-id=\"1877aa6\" data-element_type=\"container\" data-e-type=\"container\">\n\t\t\t\t<div class=\"elementor-element elementor-element-371ed87 elementor-widget-divider--view-line elementor-widget elementor-widget-divider\" data-id=\"371ed87\" data-element_type=\"widget\" data-e-type=\"widget\" data-widget_type=\"divider.default\">\n\t\t\t\t\t\t\t<div class=\"elementor-divider\">\n\t\t\t<span class=\"elementor-divider-separator\">\n\t\t\t\t\t\t<\/span>\n\t\t<\/div>\n\t\t\t\t\t\t<\/div>\n\t\t<div class=\"elementor-element elementor-element-72ad80b e-con-full e-flex e-con e-child\" data-id=\"72ad80b\" data-element_type=\"container\" data-e-type=\"container\">\n\t\t\t\t<div class=\"elementor-element elementor-element-648e764 elementor-widget elementor-widget-button\" data-id=\"648e764\" data-element_type=\"widget\" data-e-type=\"widget\" data-widget_type=\"button.default\">\n\t\t\t\t\t\t\t\t\t\t<a class=\"elementor-button elementor-size-sm\" role=\"button\">\n\t\t\t\t\t\t<span class=\"elementor-button-content-wrapper\">\n\t\t\t\t\t\t<span class=\"elementor-button-icon\">\n\t\t\t\t<svg aria-hidden=\"true\" class=\"e-font-icon-svg e-fas-angle-right\" viewBox=\"0 0 256 512\" xmlns=\"http:\/\/www.w3.org\/2000\/svg\"><path d=\"M224.3 273l-136 136c-9.4 9.4-24.6 9.4-33.9 0l-22.6-22.6c-9.4-9.4-9.4-24.6 0-33.9l96.4-96.4-96.4-96.4c-9.4-9.4-9.4-24.6 0-33.9L54.3 103c9.4-9.4 24.6-9.4 33.9 0l136 136c9.5 9.4 9.5 24.6.1 34z\"><\/path><\/svg>\t\t\t<\/span>\n\t\t\t\t\t\t\t\t\t<span class=\"elementor-button-text\">Featured Articles<\/span>\n\t\t\t\t\t<\/span>\n\t\t\t\t\t<\/a>\n\t\t\t\t\t\t\t\t<\/div>\n\t\t\t\t<\/div>\n\t\t<div class=\"elementor-element elementor-element-0230262 e-con-full e-flex e-con e-child\" data-id=\"0230262\" data-element_type=\"container\" data-e-type=\"container\">\n\t\t\t\t<div class=\"elementor-element elementor-element-e863fd1 elementor-widget elementor-widget-image-carousel\" data-id=\"e863fd1\" data-element_type=\"widget\" data-e-type=\"widget\" data-settings=\"{&quot;slides_to_show&quot;:&quot;4&quot;,&quot;navigation&quot;:&quot;none&quot;,&quot;autoplay&quot;:&quot;yes&quot;,&quot;pause_on_hover&quot;:&quot;yes&quot;,&quot;pause_on_interaction&quot;:&quot;yes&quot;,&quot;autoplay_speed&quot;:5000,&quot;infinite&quot;:&quot;yes&quot;,&quot;speed&quot;:500,&quot;image_spacing_custom&quot;:{&quot;unit&quot;:&quot;px&quot;,&quot;size&quot;:20,&quot;sizes&quot;:[]},&quot;image_spacing_custom_tablet&quot;:{&quot;unit&quot;:&quot;px&quot;,&quot;size&quot;:&quot;&quot;,&quot;sizes&quot;:[]},&quot;image_spacing_custom_mobile&quot;:{&quot;unit&quot;:&quot;px&quot;,&quot;size&quot;:&quot;&quot;,&quot;sizes&quot;:[]}}\" data-widget_type=\"image-carousel.default\">\n\t\t\t\t\t\t\t<div class=\"elementor-image-carousel-wrapper swiper\" role=\"region\" aria-roledescription=\"carousel\" aria-label=\"Image Carousel\" dir=\"ltr\">\n\t\t\t<div class=\"elementor-image-carousel swiper-wrapper\" aria-live=\"off\">\n\t\t\t\t\t\t\t\t<div class=\"swiper-slide\" role=\"group\" aria-roledescription=\"slide\" aria-label=\"1 of 5\"><figure class=\"swiper-slide-inner\"><img decoding=\"async\" class=\"swiper-slide-image\" src=\"https:\/\/dev.bartendermagasinet.dk\/wp-content\/uploads\/2026\/02\/8.webp\" alt=\"8\" \/><\/figure><\/div><div class=\"swiper-slide\" role=\"group\" aria-roledescription=\"slide\" aria-label=\"2 of 5\"><figure class=\"swiper-slide-inner\"><img decoding=\"async\" class=\"swiper-slide-image\" src=\"https:\/\/dev.bartendermagasinet.dk\/wp-content\/uploads\/2026\/02\/10.webp\" alt=\"10\" \/><\/figure><\/div><div class=\"swiper-slide\" role=\"group\" aria-roledescription=\"slide\" aria-label=\"3 of 5\"><figure class=\"swiper-slide-inner\"><img decoding=\"async\" class=\"swiper-slide-image\" src=\"https:\/\/dev.bartendermagasinet.dk\/wp-content\/uploads\/2026\/02\/11.webp\" alt=\"11\" \/><\/figure><\/div><div class=\"swiper-slide\" role=\"group\" aria-roledescription=\"slide\" aria-label=\"4 of 5\"><figure class=\"swiper-slide-inner\"><img decoding=\"async\" class=\"swiper-slide-image\" src=\"https:\/\/dev.bartendermagasinet.dk\/wp-content\/uploads\/2026\/02\/9.webp\" alt=\"9\" \/><\/figure><\/div><div class=\"swiper-slide\" role=\"group\" aria-roledescription=\"slide\" aria-label=\"5 of 5\"><figure class=\"swiper-slide-inner\"><img decoding=\"async\" class=\"swiper-slide-image\" src=\"https:\/\/dev.bartendermagasinet.dk\/wp-content\/uploads\/2026\/02\/11-1.webp\" alt=\"11\" \/><\/figure><\/div>\t\t\t<\/div>\n\t\t\t\t\t\t\t\n\t\t\t\t\t\t\t\t\t<\/div>\n\t\t\t\t\t\t<\/div>\n\t\t\t\t<\/div>\n\t\t\t\t<\/div>\n\t\t\t\t<\/div>\n\t\t","protected":false},"excerpt":{"rendered":"<p>About Om Bartendermagasinet Bartendermagasinet er et af Danmarks st\u00f8rste og mest dedikerede medier for bartendere, cocktailinteresserede og fagfolk i bar- og spiritusbranchen. Magasinet bliver drevet af professionelle bartendere og skribenter, der selv arbejder i milj\u00f8et og derfor har fingeren direkte p\u00e5 pulsen i b\u00e5de danske og internationale barer. Platformen ejes af\u00a0Mixology International\u00a0\/ Make it Happen, [&hellip;]<\/p>\n","protected":false},"author":1,"featured_media":0,"parent":0,"menu_order":0,"comment_status":"closed","ping_status":"closed","template":"elementor_header_footer","meta":{"footnotes":""},"class_list":["post-287","page","type-page","status-publish","hentry"],"_links":{"self":[{"href":"https:\/\/dev.bartendermagasinet.dk\/index.php\/wp-json\/wp\/v2\/pages\/287","targetHints":{"allow":["GET"]}}],"collection":[{"href":"https:\/\/dev.bartendermagasinet.dk\/index.php\/wp-json\/wp\/v2\/pages"}],"about":[{"href":"https:\/\/dev.bartendermagasinet.dk\/index.php\/wp-json\/wp\/v2\/types\/page"}],"author":[{"embeddable":true,"href":"https:\/\/dev.bartendermagasinet.dk\/index.php\/wp-json\/wp\/v2\/users\/1"}],"replies":[{"embeddable":true,"href":"https:\/\/dev.bartendermagasinet.dk\/index.php\/wp-json\/wp\/v2\/comments?post=287"}],"version-history":[{"count":33,"href":"https:\/\/dev.bartendermagasinet.dk\/index.php\/wp-json\/wp\/v2\/pages\/287\/revisions"}],"predecessor-version":[{"id":572,"href":"https:\/\/dev.bartendermagasinet.dk\/index.php\/wp-json\/wp\/v2\/pages\/287\/revisions\/572"}],"wp:attachment":[{"href":"https:\/\/dev.bartendermagasinet.dk\/index.php\/wp-json\/wp\/v2\/media?parent=287"}],"curies":[{"name":"wp","href":"https:\/\/api.w.org\/{rel}","templated":true}]}}